{"id":1513,"date":"2024-04-01T22:36:34","date_gmt":"2024-04-01T22:36:34","guid":{"rendered":"https:\/\/cemq.cl\/?page_id=1513"},"modified":"2025-08-24T01:46:30","modified_gmt":"2025-08-24T01:46:30","slug":"entrenamiento","status":"publish","type":"page","link":"https:\/\/cemq.cl\/en\/entrenamiento\/","title":{"rendered":"Training"},"content":{"rendered":"<div data-elementor-type=\"wp-page\" data-elementor-id=\"1513\" class=\"elementor elementor-1513\">\n\t\t\t\t<div class=\"elementor-element elementor-element-47ae6da e-flex e-con-boxed e-con e-parent\" data-id=\"47ae6da\" data-element_type=\"container\" data-e-type=\"container\" data-settings=\"{&quot;background_background&quot;:&quot;classic&quot;}\">\n\t\t\t\t\t<div class=\"e-con-inner\">\n\t\t<div class=\"elementor-element elementor-element-13bb83a e-con-full e-flex e-con e-child\" data-id=\"13bb83a\" data-element_type=\"container\" data-e-type=\"container\">\n\t\t\t\t<div class=\"elementor-element elementor-element-d609074 elementor-widget elementor-widget-heading\" data-id=\"d609074\" data-element_type=\"widget\" data-e-type=\"widget\" data-widget_type=\"heading.default\">\n\t\t\t\t<div class=\"elementor-widget-container\">\n\t\t\t\t\t<h1 class=\"elementor-heading-title elementor-size-default\">Training<\/h1>\t\t\t\t<\/div>\n\t\t\t\t<\/div>\n\t\t\t\t<\/div>\n\t\t\t\t\t<\/div>\n\t\t\t\t<\/div>\n\t\t<div class=\"elementor-element elementor-element-afec881 e-flex e-con-boxed e-con e-parent\" data-id=\"afec881\" data-element_type=\"container\" data-e-type=\"container\" data-settings=\"{&quot;background_background&quot;:&quot;classic&quot;}\">\n\t\t\t\t\t<div class=\"e-con-inner\">\n\t\t\t\t<div class=\"elementor-element elementor-element-dd438e3 elementor-widget__width-initial elementor-widget elementor-widget-html\" data-id=\"dd438e3\" data-element_type=\"widget\" data-e-type=\"widget\" data-widget_type=\"html.default\">\n\t\t\t\t<div class=\"elementor-widget-container\">\n\t\t\t\t\t<style>\r\n    \/* Style the list *\/\r\nul.breadcrumb {\r\n  padding: 5px 12px;\r\n  list-style: none;\r\n  color: #1A4185;\r\n}\r\n\r\n\/* Display list items side by side *\/\r\nul.breadcrumb li {\r\n  display: inline;\r\n  font-size: 16px;\r\n}\r\n\r\n\/* Add a slash symbol (\/) before\/behind each list item *\/\r\nul.breadcrumb li+li:before {\r\n  padding: 4px;\r\n  color: #00556a;\r\n  content: \"\/\\00a0\";\r\n}\r\n\r\n\/* Add a color to all links inside the list *\/\r\nul.breadcrumb li a {\r\n  color: #00556a;\r\n  text-decoration: none;\r\n}\r\n\r\n\/* Add a color on mouse-over *\/\r\nul.breadcrumb li a:hover {\r\n  color: #215757;\r\n}\r\n<\/style>\r\n\r\n<ul class=\"breadcrumb\">\r\n  <li><a href=\"\/en\/\">Home<\/a><\/li>\r\n  <li>Training<\/li>\r\n<\/ul>\t\t\t\t<\/div>\n\t\t\t\t<\/div>\n\t\t\t\t\t<\/div>\n\t\t\t\t<\/div>\n\t\t<div class=\"elementor-element elementor-element-b9a4d20 e-flex e-con-boxed e-con e-parent\" data-id=\"b9a4d20\" data-element_type=\"container\" data-e-type=\"container\" data-settings=\"{&quot;background_background&quot;:&quot;classic&quot;}\">\n\t\t\t\t\t<div class=\"e-con-inner\">\n\t\t\t\t<div class=\"elementor-element elementor-element-7be6d7d elementor-invisible elementor-widget elementor-widget-heading\" data-id=\"7be6d7d\" data-element_type=\"widget\" data-e-type=\"widget\" data-settings=\"{&quot;_animation&quot;:&quot;zoomIn&quot;}\" data-widget_type=\"heading.default\">\n\t\t\t\t<div class=\"elementor-widget-container\">\n\t\t\t\t\t<h4 class=\"elementor-heading-title elementor-size-default\">In this section you will find all the activities and events we have for those people looking for professional growth.<\/h4>\t\t\t\t<\/div>\n\t\t\t\t<\/div>\n\t\t<a class=\"eael-wrapper-link-70660f1 --eael-wrapper-link-tag\" href=\"\/en\/tienda\/\"><\/a>\t\t<div data-eael-wrapper-link=\"eael-wrapper-link-70660f1\" class=\"elementor-element elementor-element-70660f1 eael-dual-header-content-align-center elementor-invisible elementor-widget elementor-widget-eael-dual-color-header\" data-id=\"70660f1\" data-element_type=\"widget\" data-e-type=\"widget\" data-settings=\"{&quot;_animation&quot;:&quot;fadeInUp&quot;}\" data-widget_type=\"eael-dual-color-header.default\">\n\t\t\t\t<div class=\"elementor-widget-container\">\n\t\t\t\t\t\t\t\t<div class=\"eael-dual-header\">\n\t\t\t\t<h2 class=\"title eael-dch-title\"><span class=\"eael-dch-title-text eael-dch-title-lead lead solid-color\">Cursos <\/span> <span class=\"eael-dch-title-text\">y Productos<\/span><\/h2>\t\t\t\t\t<span class=\"subtext\"><p>Ingrese ac\u00e1 para ver lo que tenemos para ofrecerle<\/p><\/span>\n\t\t\t\t\t\t\t\t\t<span class=\"eael-dch-svg-icon\"><svg aria-hidden=\"true\" class=\"e-font-icon-svg e-fas-shopping-cart\" viewbox=\"0 0 576 512\" xmlns=\"http:\/\/www.w3.org\/2000\/svg\"><path d=\"M528.12 301.319l47.273-208C578.806 78.301 567.391 64 551.99 64H159.208l-9.166-44.81C147.758 8.021 137.93 0 126.529 0H24C10.745 0 0 10.745 0 24v16c0 13.255 10.745 24 24 24h69.883l70.248 343.435C147.325 417.1 136 435.222 136 456c0 30.928 25.072 56 56 56s56-25.072 56-56c0-15.674-6.447-29.835-16.824-40h209.647C430.447 426.165 424 440.326 424 456c0 30.928 25.072 56 56 56s56-25.072 56-56c0-22.172-12.888-41.332-31.579-50.405l5.517-24.276c3.413-15.018-8.002-29.319-23.403-29.319H218.117l-6.545-32h293.145c11.206 0 20.92-7.754 23.403-18.681z\"><\/path><\/svg><\/span>\t\t\t\t\t\t\t<\/div>\n\n\t\t\t\t\t\t<\/div>\n\t\t\t\t<\/div>\n\t\t\t\t<div class=\"elementor-element elementor-element-173a9ee elementor-invisible elementor-widget elementor-widget-wp-widget-block\" data-id=\"173a9ee\" data-element_type=\"widget\" data-e-type=\"widget\" data-settings=\"{&quot;_animation&quot;:&quot;zoomIn&quot;}\" data-widget_type=\"wp-widget-block.default\">\n\t\t\t\t<div class=\"elementor-widget-container\">\n\t\t\t\t\t<style>.wp-show-posts-columns#wpsp-966 {margin-left: -1em; }.wp-show-posts-columns#wpsp-966 .wp-show-posts-inner {margin: 0 0 1em 1em; }<\/style><section id=\"wpsp-966\" class=\"wp-show-posts\" style=\"\"><article class=\"wp-show-posts-single wpsp-clearfix post-4325 post type-post status-publish format-standard has-post-thumbnail hentry category-uncategorized\" itemtype=\"http:\/\/schema.org\/CreativeWork\" itemscope><div class=\"wp-show-posts-inner\" style=\"\">\t\t<div class=\"wp-show-posts-image  wpsp-image-center\">\n\t\t\t<a href=\"https:\/\/cemq.cl\/en\/2025\/07\/10\/entrenamiento-de-alto-nivel-en-ex-vivo-transeptal-lab-en-cemq\/\"  title=\"Entrenamiento de alto nivel en EX VIVO | Transeptal Lab en CEMQ\">\t\t\t\t\t<img decoding=\"async\" src=\"https:\/\/cemq.cl\/wp-content\/uploads\/2025\/07\/Entrenamiento-de-alto-nivel-en-EX-VIVO-Transeptal-Lab-en-CEMQ-550x310.png\" alt=\"Entrenamiento de alto nivel en EX VIVO | Transeptal Lab en CEMQ\" itemprop=\"image\" class=\"center\" \/>\n\t\t\t\t<\/a>\t\t<\/div>\n\t\t\t\t\t\t\t\t<header class=\"wp-show-posts-entry-header\">\n\t\t\t\t\t\t\t<h2 class=\"wp-show-posts-entry-title\" itemprop=\"headline\"><a href=\"https:\/\/cemq.cl\/en\/2025\/07\/10\/entrenamiento-de-alto-nivel-en-ex-vivo-transeptal-lab-en-cemq\/\" rel=\"bookmark\">Entrenamiento de alto nivel en EX VIVO | Transeptal Lab en CEMQ<\/a><\/h2>\t\t\t\t\t\t<\/header><!-- .entry-header -->\n\t\t\t\t\t\t\t\t\t\t\t<div class=\"wp-show-posts-entry-summary\" itemprop=\"text\">\n\t\t\t\t\t\t\t<p>Santiago, 26 de abril de 2025 \u2013 En l\u00ednea con nuestro compromiso con la formaci\u00f3n m\u00e9dica de excelencia, CEMQ fue sede de un nuevo curso EX VIVO | Transeptal Lab,&#8230;<\/p>\n\t\t\t\t\t\t<\/div><!-- .entry-summary -->\n\t\t\t\t\t<div class=\"wpsp-read-more\"><a title=\"Entrenamiento de alto nivel en EX VIVO | Transeptal Lab en CEMQ\" class=\"wp-show-posts-read-more\" href=\"https:\/\/cemq.cl\/en\/2025\/07\/10\/entrenamiento-de-alto-nivel-en-ex-vivo-transeptal-lab-en-cemq\/\">See Details<\/a><\/div><\/div><!-- wp-show-posts-inner --><div class=\"wpsp-clear\"><\/div><\/article><article class=\"wp-show-posts-single wpsp-clearfix post-4292 post type-post status-publish format-standard has-post-thumbnail hentry category-uncategorized\" itemtype=\"http:\/\/schema.org\/CreativeWork\" itemscope><div class=\"wp-show-posts-inner\" style=\"\">\t\t<div class=\"wp-show-posts-image  wpsp-image-center\">\n\t\t\t<a href=\"https:\/\/cemq.cl\/en\/2025\/07\/10\/cemq-fue-sede-del-1er-pig-lab-alif-in-vivo-en-chile\/\"  title=\"CEMQ fue sede del 1er Pig Lab ALIF In Vivo en Chile\">\t\t\t\t\t<img decoding=\"async\" src=\"https:\/\/cemq.cl\/wp-content\/uploads\/2025\/07\/CEMQ-fue-sede-del-1er-Pig-Lab-ALIF-In-Vivo-en-Chile-550x310.png\" alt=\"CEMQ fue sede del 1er Pig Lab ALIF In Vivo en Chile\" itemprop=\"image\" class=\"center\" \/>\n\t\t\t\t<\/a>\t\t<\/div>\n\t\t\t\t\t\t\t\t<header class=\"wp-show-posts-entry-header\">\n\t\t\t\t\t\t\t<h2 class=\"wp-show-posts-entry-title\" itemprop=\"headline\"><a href=\"https:\/\/cemq.cl\/en\/2025\/07\/10\/cemq-fue-sede-del-1er-pig-lab-alif-in-vivo-en-chile\/\" rel=\"bookmark\">CEMQ fue sede del 1er Pig Lab ALIF In Vivo en Chile<\/a><\/h2>\t\t\t\t\t\t<\/header><!-- .entry-header -->\n\t\t\t\t\t\t\t\t\t\t\t<div class=\"wp-show-posts-entry-summary\" itemprop=\"text\">\n\t\t\t\t\t\t\t<p>Santiago, 25 de abril de 2025 \u2013 El Centro de Entrenamiento M\u00e9dico Quir\u00fargico (CEMQ) fue escenario del primer Pig Lab ALIF In Vivo realizado en Chile, un evento pionero en&#8230;<\/p>\n\t\t\t\t\t\t<\/div><!-- .entry-summary -->\n\t\t\t\t\t<div class=\"wpsp-read-more\"><a title=\"CEMQ fue sede del 1er Pig Lab ALIF In Vivo en Chile\" class=\"wp-show-posts-read-more\" href=\"https:\/\/cemq.cl\/en\/2025\/07\/10\/cemq-fue-sede-del-1er-pig-lab-alif-in-vivo-en-chile\/\">See Details<\/a><\/div><\/div><!-- wp-show-posts-inner --><div class=\"wpsp-clear\"><\/div><\/article><article class=\"wp-show-posts-single wpsp-clearfix post-4233 post type-post status-publish format-standard has-post-thumbnail hentry category-uncategorized\" itemtype=\"http:\/\/schema.org\/CreativeWork\" itemscope><div class=\"wp-show-posts-inner\" style=\"\">\t\t<div class=\"wp-show-posts-image  wpsp-image-center\">\n\t\t\t<a href=\"https:\/\/cemq.cl\/en\/2024\/12\/17\/taller-de-artroscopia-de-cadera-en-cemq-formacion-avanzada-para-fellows-de-traumatologia\/\"  title=\"Taller de Artroscopia de Cadera en CEMQ: Formaci\u00f3n Avanzada para Fellows de Traumatolog\u00eda\">\t\t\t\t\t<img decoding=\"async\" src=\"https:\/\/cemq.cl\/wp-content\/uploads\/2024\/12\/prueba-3-550x310.jpg\" alt=\"Taller de Artroscopia de Cadera en CEMQ: Formaci\u00f3n Avanzada para Fellows de Traumatolog\u00eda\" itemprop=\"image\" class=\"center\" \/>\n\t\t\t\t<\/a>\t\t<\/div>\n\t\t\t\t\t\t\t\t<header class=\"wp-show-posts-entry-header\">\n\t\t\t\t\t\t\t<h2 class=\"wp-show-posts-entry-title\" itemprop=\"headline\"><a href=\"https:\/\/cemq.cl\/en\/2024\/12\/17\/taller-de-artroscopia-de-cadera-en-cemq-formacion-avanzada-para-fellows-de-traumatologia\/\" rel=\"bookmark\">Taller de Artroscopia de Cadera en CEMQ: Formaci\u00f3n Avanzada para Fellows de Traumatolog\u00eda<\/a><\/h2>\t\t\t\t\t\t<\/header><!-- .entry-header -->\n\t\t\t\t\t\t\t\t\t\t\t<div class=\"wp-show-posts-entry-summary\" itemprop=\"text\">\n\t\t\t\t\t\t\t<p>El pasado 10 de diciembre, abrimos nuestras puertas en el Centro de Entrenamiento M\u00e9dico Quir\u00fargico (CEMQ) para recibir a fellows en traumatolog\u00eda de cadera en un taller especializado de artroscopia&#8230;<\/p>\n\t\t\t\t\t\t<\/div><!-- .entry-summary -->\n\t\t\t\t\t<div class=\"wpsp-read-more\"><a title=\"Taller de Artroscopia de Cadera en CEMQ: Formaci\u00f3n Avanzada para Fellows de Traumatolog\u00eda\" class=\"wp-show-posts-read-more\" href=\"https:\/\/cemq.cl\/en\/2024\/12\/17\/taller-de-artroscopia-de-cadera-en-cemq-formacion-avanzada-para-fellows-de-traumatologia\/\">See Details<\/a><\/div><\/div><!-- wp-show-posts-inner --><div class=\"wpsp-clear\"><\/div><\/article><article class=\"wp-show-posts-single wpsp-clearfix post-4079 post type-post status-publish format-standard has-post-thumbnail hentry category-uncategorized\" itemtype=\"http:\/\/schema.org\/CreativeWork\" itemscope><div class=\"wp-show-posts-inner\" style=\"\">\t\t<div class=\"wp-show-posts-image  wpsp-image-center\">\n\t\t\t<a href=\"https:\/\/cemq.cl\/en\/2024\/11\/07\/curso-de-suturas-en-cemq-formacion-practica-para-becados-de-traumatologia-de-la-universidad-de-los-andes\/\"  title=\"Curso de Suturas en CEMQ: Formaci\u00f3n Pr\u00e1ctica para Becados de traumatolog\u00eda.\">\t\t\t\t\t<img decoding=\"async\" src=\"https:\/\/cemq.cl\/wp-content\/uploads\/2024\/11\/curso-de-suturas_cemq-550x310.webp\" alt=\"Curso de Suturas en CEMQ: Formaci\u00f3n Pr\u00e1ctica para Becados de traumatolog\u00eda.\" itemprop=\"image\" class=\"center\" \/>\n\t\t\t\t<\/a>\t\t<\/div>\n\t\t\t\t\t\t\t\t<header class=\"wp-show-posts-entry-header\">\n\t\t\t\t\t\t\t<h2 class=\"wp-show-posts-entry-title\" itemprop=\"headline\"><a href=\"https:\/\/cemq.cl\/en\/2024\/11\/07\/curso-de-suturas-en-cemq-formacion-practica-para-becados-de-traumatologia-de-la-universidad-de-los-andes\/\" rel=\"bookmark\">Curso de Suturas en CEMQ: Formaci\u00f3n Pr\u00e1ctica para Becados de traumatolog\u00eda.<\/a><\/h2>\t\t\t\t\t\t<\/header><!-- .entry-header -->\n\t\t\t\t\t\t\t\t\t\t\t<div class=\"wp-show-posts-entry-summary\" itemprop=\"text\">\n\t\t\t\t\t\t\t<p>En el Centro de Entrenamiento M\u00e9dico Quir\u00fargico (CEMQ), nos enorgullece ser sede de un curso especializado en t\u00e9cnicas de sutura, dirigido a becados de traumatolog\u00eda de primer a\u00f1o. Esta actividad,&#8230;<\/p>\n\t\t\t\t\t\t<\/div><!-- .entry-summary -->\n\t\t\t\t\t<div class=\"wpsp-read-more\"><a title=\"Curso de Suturas en CEMQ: Formaci\u00f3n Pr\u00e1ctica para Becados de traumatolog\u00eda.\" class=\"wp-show-posts-read-more\" href=\"https:\/\/cemq.cl\/en\/2024\/11\/07\/curso-de-suturas-en-cemq-formacion-practica-para-becados-de-traumatologia-de-la-universidad-de-los-andes\/\">See Details<\/a><\/div><\/div><!-- wp-show-posts-inner --><div class=\"wpsp-clear\"><\/div><\/article><article class=\"wp-show-posts-single wpsp-clearfix post-975 post type-post status-publish format-standard has-post-thumbnail hentry category-uncategorized\" itemtype=\"http:\/\/schema.org\/CreativeWork\" itemscope><div class=\"wp-show-posts-inner\" style=\"\">\t\t<div class=\"wp-show-posts-image  wpsp-image-center\">\n\t\t\t<a href=\"https:\/\/cemq.cl\/en\/2024\/10\/07\/evento-3\/\"  title=\"&#8220;Cirug\u00eda de columna: la importancia de mantenerse a la vanguardia&#8221;\">\t\t\t\t\t<img decoding=\"async\" src=\"https:\/\/cemq.cl\/wp-content\/uploads\/2024\/10\/Marcelo-traumatologo-entrevista-cemq-550x310.webp\" alt=\"&#8220;Cirug\u00eda de columna: la importancia de mantenerse a la vanguardia&#8221;\" itemprop=\"image\" class=\"center\" \/>\n\t\t\t\t<\/a>\t\t<\/div>\n\t\t\t\t\t\t\t\t<header class=\"wp-show-posts-entry-header\">\n\t\t\t\t\t\t\t<h2 class=\"wp-show-posts-entry-title\" itemprop=\"headline\"><a href=\"https:\/\/cemq.cl\/en\/2024\/10\/07\/evento-3\/\" rel=\"bookmark\">&#8220;Cirug\u00eda de columna: la importancia de mantenerse a la vanguardia&#8221;<\/a><\/h2>\t\t\t\t\t\t<\/header><!-- .entry-header -->\n\t\t\t\t\t\t\t\t\t\t\t<div class=\"wp-show-posts-entry-summary\" itemprop=\"text\">\n\t\t\t\t\t\t\t<p>El Dr. Marcelo Molina, cirujano de columna, comparte su visi\u00f3n sobre la importancia de la formaci\u00f3n continua en la medicina. Destaca que mantenerse actualizado es esencial no solo para el&#8230;<\/p>\n\t\t\t\t\t\t<\/div><!-- .entry-summary -->\n\t\t\t\t\t<div class=\"wpsp-read-more\"><a title=\"&#8220;Cirug\u00eda de columna: la importancia de mantenerse a la vanguardia&#8221;\" class=\"wp-show-posts-read-more\" href=\"https:\/\/cemq.cl\/en\/2024\/10\/07\/evento-3\/\">See Details<\/a><\/div><\/div><!-- wp-show-posts-inner --><div class=\"wpsp-clear\"><\/div><\/article><\/section><!-- .wp-show-posts -->\t\t\t\t<\/div>\n\t\t\t\t<\/div>\n\t\t\t\t\t<\/div>\n\t\t\t\t<\/div>\n\t\t\t\t<\/div>","protected":false},"excerpt":{"rendered":"<p>Entrenamiento Inicio Entrenamiento En esta secci\u00f3n encontrar\u00e1 todas las actividades y eventos que tenemos para aquellas personas que buscan crecer [&hellip;]<\/p>\n","protected":false},"author":1,"featured_media":0,"parent":0,"menu_order":0,"comment_status":"closed","ping_status":"closed","template":"","meta":{"site-sidebar-layout":"no-sidebar","site-content-layout":"","ast-site-content-layout":"full-width-container","site-content-style":"default","site-sidebar-style":"default","ast-global-header-display":"","ast-banner-title-visibility":"","ast-main-header-display":"","ast-hfb-above-header-display":"","ast-hfb-below-header-display":"","ast-hfb-mobile-header-display":"","site-post-title":"disabled","ast-breadcrumbs-content":"","ast-featured-img":"disabled","footer-sml-layout":"","theme-transparent-header-meta":"","adv-header-id-meta":"","stick-header-meta":"","header-above-stick-meta":"","header-main-stick-meta":"","header-below-stick-meta":"","astra-migrate-meta-layouts":"default","ast-page-background-enabled":"default","ast-page-background-meta":{"desktop":{"background-color":"var(--ast-global-color-4)","background-image":"","background-repeat":"repeat","background-position":"center center","background-size":"auto","background-attachment":"scroll","background-type":"","background-media":"","overlay-type":"","overlay-color":"","overlay-opacity":"","overlay-gradient":""},"tablet":{"background-color":"","background-image":"","background-repeat":"repeat","background-position":"center center","background-size":"auto","background-attachment":"scroll","background-type":"","background-media":"","overlay-type":"","overlay-color":"","overlay-opacity":"","overlay-gradient":""},"mobile":{"background-color":"","background-image":"","background-repeat":"repeat","background-position":"center center","background-size":"auto","background-attachment":"scroll","background-type":"","background-media":"","overlay-type":"","overlay-color":"","overlay-opacity":"","overlay-gradient":""}},"ast-content-background-meta":{"desktop":{"background-color":"var(--ast-global-color-5)","background-image":"","background-repeat":"repeat","background-position":"center center","background-size":"auto","background-attachment":"scroll","background-type":"","background-media":"","overlay-type":"","overlay-color":"","overlay-opacity":"","overlay-gradient":""},"tablet":{"background-color":"var(--ast-global-color-5)","background-image":"","background-repeat":"repeat","background-position":"center center","background-size":"auto","background-attachment":"scroll","background-type":"","background-media":"","overlay-type":"","overlay-color":"","overlay-opacity":"","overlay-gradient":""},"mobile":{"background-color":"var(--ast-global-color-5)","background-image":"","background-repeat":"repeat","background-position":"center center","background-size":"auto","background-attachment":"scroll","background-type":"","background-media":"","overlay-type":"","overlay-color":"","overlay-opacity":"","overlay-gradient":""}},"_joinchat":[],"footnotes":""},"class_list":["post-1513","page","type-page","status-publish","hentry"],"_links":{"self":[{"href":"https:\/\/cemq.cl\/en\/wp-json\/wp\/v2\/pages\/1513","targetHints":{"allow":["GET"]}}],"collection":[{"href":"https:\/\/cemq.cl\/en\/wp-json\/wp\/v2\/pages"}],"about":[{"href":"https:\/\/cemq.cl\/en\/wp-json\/wp\/v2\/types\/page"}],"author":[{"embeddable":true,"href":"https:\/\/cemq.cl\/en\/wp-json\/wp\/v2\/users\/1"}],"replies":[{"embeddable":true,"href":"https:\/\/cemq.cl\/en\/wp-json\/wp\/v2\/comments?post=1513"}],"version-history":[{"count":62,"href":"https:\/\/cemq.cl\/en\/wp-json\/wp\/v2\/pages\/1513\/revisions"}],"predecessor-version":[{"id":4365,"href":"https:\/\/cemq.cl\/en\/wp-json\/wp\/v2\/pages\/1513\/revisions\/4365"}],"wp:attachment":[{"href":"https:\/\/cemq.cl\/en\/wp-json\/wp\/v2\/media?parent=1513"}],"curies":[{"name":"wp","href":"https:\/\/api.w.org\/{rel}","templated":true}]}}